{"id":1392,"date":"2019-12-10T15:20:50","date_gmt":"2019-12-10T14:20:50","guid":{"rendered":"https:\/\/auto-reklamy.pl\/oklejanie-samochodow\/peugeot-partner-dla-morele-net\/"},"modified":"2019-12-10T15:20:50","modified_gmt":"2019-12-10T14:20:50","slug":"peugeot-partner-dla-morele-net","status":"publish","type":"page","link":"https:\/\/auto-reklamy.pl\/oklejanie-samochodow\/peugeot-partner-dla-morele-net\/","title":{"rendered":"Peugeot Partner dla Morele.net"},"content":{"rendered":"<!-- default-view.php -->\n<div\n\tclass=\"ngg-galleryoverview default-view  ngg-ajax-pagination-none\"\n\tid=\"ngg-gallery-8841624151a8d85b1a56a1544aabd2be-1\">\n\n\t\t<!-- Thumbnails -->\n\t\t\t\t<div id=\"ngg-image-0\" class=\"ngg-gallery-thumbnail-box \" >\n\t\t\t\t        <div class=\"ngg-gallery-thumbnail\">\n            <a href=\"https:\/\/auto-reklamy.pl\/wp-content\/gallery\/peugeot-partner-dla-morele-net\/partner_morele_net-6547.jpg\"\n               title=\"Oklejenie samochodu dostawczego Peugeot Partner dla Morele.net. Przy realizacji zosta\u0142a wykorzystana technologia druku solwentowego na foliach polimerowych. Nast\u0119pnie ca\u0142o\u015b\u0107 zosta\u0142a zabezpieczona laminatem i wyci\u0119ta po obrysie.\"\n               data-src=\"https:\/\/auto-reklamy.pl\/wp-content\/gallery\/peugeot-partner-dla-morele-net\/partner_morele_net-6547.jpg\"\n               data-thumbnail=\"https:\/\/auto-reklamy.pl\/wp-content\/gallery\/peugeot-partner-dla-morele-net\/thumbs\/thumbs_partner_morele_net-6547.jpg\"\n               data-image-id=\"148\"\n               data-title=\"Peugeot Partner dla Morele.net 1\"\n               data-description=\"Oklejenie samochodu dostawczego Peugeot Partner dla Morele.net. Przy realizacji zosta\u0142a wykorzystana technologia druku solwentowego na foliach polimerowych. Nast\u0119pnie ca\u0142o\u015b\u0107 zosta\u0142a zabezpieczona laminatem i wyci\u0119ta po obrysie.\"\n               data-image-slug=\"partner_morele_net-6547\"\n               class='nextgen_pro_lightbox' data-nplmodal-gallery-id='8841624151a8d85b1a56a1544aabd2be'>\n                <img\n                    title=\"Peugeot Partner dla Morele.net 1\"\n                    alt=\"Peugeot Partner dla Morele.net 1\"\n                    src=\"https:\/\/auto-reklamy.pl\/wp-content\/gallery\/peugeot-partner-dla-morele-net\/thumbs\/thumbs_partner_morele_net-6547.jpg\"\n                    width=\"240\"\n                    height=\"160\"\n                    style=\"max-width:100%;\"\n                \/>\n            <\/a>\n        <\/div>\n\t\t\t\t\t\t\t<\/div> \n\t\t\t\n\t\t\t\t<div id=\"ngg-image-1\" class=\"ngg-gallery-thumbnail-box \" >\n\t\t\t\t        <div class=\"ngg-gallery-thumbnail\">\n            <a href=\"https:\/\/auto-reklamy.pl\/wp-content\/gallery\/peugeot-partner-dla-morele-net\/partner_morele_net-6550.jpg\"\n               title=\"Oklejenie samochodu dostawczego Peugeot Partner dla Morele.net. Przy realizacji zosta\u0142a wykorzystana technologia druku solwentowego na foliach polimerowych. Nast\u0119pnie ca\u0142o\u015b\u0107 zosta\u0142a zabezpieczona laminatem i wyci\u0119ta po obrysie.\"\n               data-src=\"https:\/\/auto-reklamy.pl\/wp-content\/gallery\/peugeot-partner-dla-morele-net\/partner_morele_net-6550.jpg\"\n               data-thumbnail=\"https:\/\/auto-reklamy.pl\/wp-content\/gallery\/peugeot-partner-dla-morele-net\/thumbs\/thumbs_partner_morele_net-6550.jpg\"\n               data-image-id=\"149\"\n               data-title=\"Peugeot Partner dla Morele.net 2\"\n               data-description=\"Oklejenie samochodu dostawczego Peugeot Partner dla Morele.net. Przy realizacji zosta\u0142a wykorzystana technologia druku solwentowego na foliach polimerowych. Nast\u0119pnie ca\u0142o\u015b\u0107 zosta\u0142a zabezpieczona laminatem i wyci\u0119ta po obrysie.\"\n               data-image-slug=\"partner_morele_net-6550\"\n               class='nextgen_pro_lightbox' data-nplmodal-gallery-id='8841624151a8d85b1a56a1544aabd2be'>\n                <img\n                    title=\"Peugeot Partner dla Morele.net 2\"\n                    alt=\"Peugeot Partner dla Morele.net 2\"\n                    src=\"https:\/\/auto-reklamy.pl\/wp-content\/gallery\/peugeot-partner-dla-morele-net\/thumbs\/thumbs_partner_morele_net-6550.jpg\"\n                    width=\"240\"\n                    height=\"160\"\n                    style=\"max-width:100%;\"\n                \/>\n            <\/a>\n        <\/div>\n\t\t\t\t\t\t\t<\/div> \n\t\t\t\n\t\t\t\t<div id=\"ngg-image-2\" class=\"ngg-gallery-thumbnail-box \" >\n\t\t\t\t        <div class=\"ngg-gallery-thumbnail\">\n            <a href=\"https:\/\/auto-reklamy.pl\/wp-content\/gallery\/peugeot-partner-dla-morele-net\/partner_morele_net-6552.jpg\"\n               title=\"Oklejenie samochodu dostawczego Peugeot Partner dla Morele.net. Przy realizacji zosta\u0142a wykorzystana technologia druku solwentowego na foliach polimerowych. Nast\u0119pnie ca\u0142o\u015b\u0107 zosta\u0142a zabezpieczona laminatem i wyci\u0119ta po obrysie.\"\n               data-src=\"https:\/\/auto-reklamy.pl\/wp-content\/gallery\/peugeot-partner-dla-morele-net\/partner_morele_net-6552.jpg\"\n               data-thumbnail=\"https:\/\/auto-reklamy.pl\/wp-content\/gallery\/peugeot-partner-dla-morele-net\/thumbs\/thumbs_partner_morele_net-6552.jpg\"\n               data-image-id=\"150\"\n               data-title=\"Peugeot Partner dla Morele.net 3\"\n               data-description=\"Oklejenie samochodu dostawczego Peugeot Partner dla Morele.net. Przy realizacji zosta\u0142a wykorzystana technologia druku solwentowego na foliach polimerowych. Nast\u0119pnie ca\u0142o\u015b\u0107 zosta\u0142a zabezpieczona laminatem i wyci\u0119ta po obrysie.\"\n               data-image-slug=\"partner_morele_net-6552\"\n               class='nextgen_pro_lightbox' data-nplmodal-gallery-id='8841624151a8d85b1a56a1544aabd2be'>\n                <img\n                    title=\"Peugeot Partner dla Morele.net 3\"\n                    alt=\"Peugeot Partner dla Morele.net 3\"\n                    src=\"https:\/\/auto-reklamy.pl\/wp-content\/gallery\/peugeot-partner-dla-morele-net\/thumbs\/thumbs_partner_morele_net-6552.jpg\"\n                    width=\"240\"\n                    height=\"160\"\n                    style=\"max-width:100%;\"\n                \/>\n            <\/a>\n        <\/div>\n\t\t\t\t\t\t\t<\/div> \n\t\t\t\n\t\t\t\t<div id=\"ngg-image-3\" class=\"ngg-gallery-thumbnail-box \" >\n\t\t\t\t        <div class=\"ngg-gallery-thumbnail\">\n            <a href=\"https:\/\/auto-reklamy.pl\/wp-content\/gallery\/peugeot-partner-dla-morele-net\/partner_morele_net-6553.jpg\"\n               title=\"Oklejenie samochodu dostawczego Peugeot Partner dla Morele.net. Przy realizacji zosta\u0142a wykorzystana technologia druku solwentowego na foliach polimerowych. Nast\u0119pnie ca\u0142o\u015b\u0107 zosta\u0142a zabezpieczona laminatem i wyci\u0119ta po obrysie.\"\n               data-src=\"https:\/\/auto-reklamy.pl\/wp-content\/gallery\/peugeot-partner-dla-morele-net\/partner_morele_net-6553.jpg\"\n               data-thumbnail=\"https:\/\/auto-reklamy.pl\/wp-content\/gallery\/peugeot-partner-dla-morele-net\/thumbs\/thumbs_partner_morele_net-6553.jpg\"\n               data-image-id=\"151\"\n               data-title=\"Peugeot Partner dla Morele.net 4\"\n               data-description=\"Oklejenie samochodu dostawczego Peugeot Partner dla Morele.net. Przy realizacji zosta\u0142a wykorzystana technologia druku solwentowego na foliach polimerowych. Nast\u0119pnie ca\u0142o\u015b\u0107 zosta\u0142a zabezpieczona laminatem i wyci\u0119ta po obrysie.\"\n               data-image-slug=\"partner_morele_net-6553\"\n               class='nextgen_pro_lightbox' data-nplmodal-gallery-id='8841624151a8d85b1a56a1544aabd2be'>\n                <img\n                    title=\"Peugeot Partner dla Morele.net 4\"\n                    alt=\"Peugeot Partner dla Morele.net 4\"\n                    src=\"https:\/\/auto-reklamy.pl\/wp-content\/gallery\/peugeot-partner-dla-morele-net\/thumbs\/thumbs_partner_morele_net-6553.jpg\"\n                    width=\"240\"\n                    height=\"160\"\n                    style=\"max-width:100%;\"\n                \/>\n            <\/a>\n        <\/div>\n\t\t\t\t\t\t\t<\/div> \n\t\t\t\n\t\t\t\t<div id=\"ngg-image-4\" class=\"ngg-gallery-thumbnail-box \" >\n\t\t\t\t        <div class=\"ngg-gallery-thumbnail\">\n            <a href=\"https:\/\/auto-reklamy.pl\/wp-content\/gallery\/peugeot-partner-dla-morele-net\/partner_morele_net-6557.jpg\"\n               title=\"Oklejenie samochodu dostawczego Peugeot Partner dla Morele.net. Przy realizacji zosta\u0142a wykorzystana technologia druku solwentowego na foliach polimerowych. Nast\u0119pnie ca\u0142o\u015b\u0107 zosta\u0142a zabezpieczona laminatem i wyci\u0119ta po obrysie.\"\n               data-src=\"https:\/\/auto-reklamy.pl\/wp-content\/gallery\/peugeot-partner-dla-morele-net\/partner_morele_net-6557.jpg\"\n               data-thumbnail=\"https:\/\/auto-reklamy.pl\/wp-content\/gallery\/peugeot-partner-dla-morele-net\/thumbs\/thumbs_partner_morele_net-6557.jpg\"\n               data-image-id=\"152\"\n               data-title=\"Peugeot Partner dla Morele.net 5\"\n               data-description=\"Oklejenie samochodu dostawczego Peugeot Partner dla Morele.net. Przy realizacji zosta\u0142a wykorzystana technologia druku solwentowego na foliach polimerowych. Nast\u0119pnie ca\u0142o\u015b\u0107 zosta\u0142a zabezpieczona laminatem i wyci\u0119ta po obrysie.\"\n               data-image-slug=\"partner_morele_net-6557\"\n               class='nextgen_pro_lightbox' data-nplmodal-gallery-id='8841624151a8d85b1a56a1544aabd2be'>\n                <img\n                    title=\"Peugeot Partner dla Morele.net 5\"\n                    alt=\"Peugeot Partner dla Morele.net 5\"\n                    src=\"https:\/\/auto-reklamy.pl\/wp-content\/gallery\/peugeot-partner-dla-morele-net\/thumbs\/thumbs_partner_morele_net-6557.jpg\"\n                    width=\"240\"\n                    height=\"160\"\n                    style=\"max-width:100%;\"\n                \/>\n            <\/a>\n        <\/div>\n\t\t\t\t\t\t\t<\/div> \n\t\t\t\n\t\t\t\t<div id=\"ngg-image-5\" class=\"ngg-gallery-thumbnail-box \" >\n\t\t\t\t        <div class=\"ngg-gallery-thumbnail\">\n            <a href=\"https:\/\/auto-reklamy.pl\/wp-content\/gallery\/peugeot-partner-dla-morele-net\/partner_morele_net-6541.jpg\"\n               title=\"Oklejenie samochodu dostawczego Peugeot Partner dla Morele.net. Przy realizacji zosta\u0142a wykorzystana technologia druku solwentowego na foliach polimerowych. Nast\u0119pnie ca\u0142o\u015b\u0107 zosta\u0142a zabezpieczona laminatem i wyci\u0119ta po obrysie.\"\n               data-src=\"https:\/\/auto-reklamy.pl\/wp-content\/gallery\/peugeot-partner-dla-morele-net\/partner_morele_net-6541.jpg\"\n               data-thumbnail=\"https:\/\/auto-reklamy.pl\/wp-content\/gallery\/peugeot-partner-dla-morele-net\/thumbs\/thumbs_partner_morele_net-6541.jpg\"\n               data-image-id=\"153\"\n               data-title=\"Peugeot Partner dla Morele.net 6\"\n               data-description=\"Oklejenie samochodu dostawczego Peugeot Partner dla Morele.net. Przy realizacji zosta\u0142a wykorzystana technologia druku solwentowego na foliach polimerowych. Nast\u0119pnie ca\u0142o\u015b\u0107 zosta\u0142a zabezpieczona laminatem i wyci\u0119ta po obrysie.\"\n               data-image-slug=\"partner_morele_net-6541\"\n               class='nextgen_pro_lightbox' data-nplmodal-gallery-id='8841624151a8d85b1a56a1544aabd2be'>\n                <img\n                    title=\"Peugeot Partner dla Morele.net 6\"\n                    alt=\"Peugeot Partner dla Morele.net 6\"\n                    src=\"https:\/\/auto-reklamy.pl\/wp-content\/gallery\/peugeot-partner-dla-morele-net\/thumbs\/thumbs_partner_morele_net-6541.jpg\"\n                    width=\"240\"\n                    height=\"160\"\n                    style=\"max-width:100%;\"\n                \/>\n            <\/a>\n        <\/div>\n\t\t\t\t\t\t\t<\/div> \n\t\t\t\n\t\t\t\t<div id=\"ngg-image-6\" class=\"ngg-gallery-thumbnail-box \" >\n\t\t\t\t        <div class=\"ngg-gallery-thumbnail\">\n            <a href=\"https:\/\/auto-reklamy.pl\/wp-content\/gallery\/peugeot-partner-dla-morele-net\/partner_morele_net-6545.jpg\"\n               title=\"Oklejenie samochodu dostawczego Peugeot Partner dla Morele.net. Przy realizacji zosta\u0142a wykorzystana technologia druku solwentowego na foliach polimerowych. Nast\u0119pnie ca\u0142o\u015b\u0107 zosta\u0142a zabezpieczona laminatem i wyci\u0119ta po obrysie.\"\n               data-src=\"https:\/\/auto-reklamy.pl\/wp-content\/gallery\/peugeot-partner-dla-morele-net\/partner_morele_net-6545.jpg\"\n               data-thumbnail=\"https:\/\/auto-reklamy.pl\/wp-content\/gallery\/peugeot-partner-dla-morele-net\/thumbs\/thumbs_partner_morele_net-6545.jpg\"\n               data-image-id=\"154\"\n               data-title=\"Peugeot Partner dla Morele.net 7\"\n               data-description=\"Oklejenie samochodu dostawczego Peugeot Partner dla Morele.net. Przy realizacji zosta\u0142a wykorzystana technologia druku solwentowego na foliach polimerowych. Nast\u0119pnie ca\u0142o\u015b\u0107 zosta\u0142a zabezpieczona laminatem i wyci\u0119ta po obrysie.\"\n               data-image-slug=\"partner_morele_net-6545\"\n               class='nextgen_pro_lightbox' data-nplmodal-gallery-id='8841624151a8d85b1a56a1544aabd2be'>\n                <img\n                    title=\"Peugeot Partner dla Morele.net 7\"\n                    alt=\"Peugeot Partner dla Morele.net 7\"\n                    src=\"https:\/\/auto-reklamy.pl\/wp-content\/gallery\/peugeot-partner-dla-morele-net\/thumbs\/thumbs_partner_morele_net-6545.jpg\"\n                    width=\"240\"\n                    height=\"160\"\n                    style=\"max-width:100%;\"\n                \/>\n            <\/a>\n        <\/div>\n\t\t\t\t\t\t\t<\/div> \n\t\t\t\n\t\n\t<br style=\"clear: both\" \/>\n\n\t\t<div class=\"slideshowlink\">\n        <a href='https:\/\/auto-reklamy.pl\/oklejanie-samochodow\/peugeot-partner-dla-morele-net\/nggallery\/slideshow'>[Pokaz zdj\u0119\u0107]<\/a>\n\t\t\n\t<\/div>\n\t\n\t\t<!-- Pagination -->\n\t<div class='ngg-clear'><\/div>\t<\/div>\n\n","protected":false},"excerpt":{"rendered":"","protected":false},"author":1,"featured_media":0,"parent":0,"menu_order":0,"comment_status":"closed","ping_status":"closed","template":"","meta":{"ngg_post_thumbnail":0,"_genesis_hide_title":false,"_genesis_hide_breadcrumbs":false,"_genesis_hide_singular_image":false,"_genesis_hide_footer_widgets":false,"_genesis_custom_body_class":"","_genesis_custom_post_class":"","_genesis_layout":"","footnotes":""},"yst_prominent_words":[],"_links":{"self":[{"href":"https:\/\/auto-reklamy.pl\/oklejanie-samochodow\/wp-json\/wp\/v2\/pages\/1392"}],"collection":[{"href":"https:\/\/auto-reklamy.pl\/oklejanie-samochodow\/wp-json\/wp\/v2\/pages"}],"about":[{"href":"https:\/\/auto-reklamy.pl\/oklejanie-samochodow\/wp-json\/wp\/v2\/types\/page"}],"author":[{"embeddable":true,"href":"https:\/\/auto-reklamy.pl\/oklejanie-samochodow\/wp-json\/wp\/v2\/users\/1"}],"replies":[{"embeddable":true,"href":"https:\/\/auto-reklamy.pl\/oklejanie-samochodow\/wp-json\/wp\/v2\/comments?post=1392"}],"version-history":[{"count":0,"href":"https:\/\/auto-reklamy.pl\/oklejanie-samochodow\/wp-json\/wp\/v2\/pages\/1392\/revisions"}],"wp:attachment":[{"href":"https:\/\/auto-reklamy.pl\/oklejanie-samochodow\/wp-json\/wp\/v2\/media?parent=1392"}],"wp:term":[{"taxonomy":"yst_prominent_words","embeddable":true,"href":"https:\/\/auto-reklamy.pl\/oklejanie-samochodow\/wp-json\/wp\/v2\/yst_prominent_words?post=1392"}],"curies":[{"name":"wp","href":"https:\/\/api.w.org\/{rel}","templated":true}]}}